{"id":2481,"date":"2018-10-17T11:29:18","date_gmt":"2018-10-17T09:29:18","guid":{"rendered":"https:\/\/f2a.fr\/mentions-legales\/"},"modified":"2020-09-21T16:18:14","modified_gmt":"2020-09-21T14:18:14","slug":"mentions-legales","status":"publish","type":"page","link":"https:\/\/f2a.fr\/en\/mentions-legales\/","title":{"rendered":"Mentions l\u00e9gales"},"content":{"rendered":"<div class=\"wpb-content-wrapper\"><p>[vc_row css=&#8221;.vc_custom_1533291264772{padding-top: 120px !important;padding-bottom: 30px !important;}&#8221;][vc_column width=&#8221;2\/12&#8243;][\/vc_column][vc_column width=&#8221;9\/12&#8243;][vc_custom_heading source=&#8221;post_title&#8221; use_theme_fonts=&#8221;yes&#8221;][vc_column_text]<\/p>\n<h3>PROPRI\u00c9T\u00c9<\/h3>\n<p>F2A<\/p>\n<p>SAS au capital social de 2 415 607 \u20ac<\/p>\n<p>N\u00b0 de siret\u00a0: 498 868 918 00034<br \/>\nAPE 2825 Z<\/p>\n<p>Si\u00e8ge social : 1214 rue des Chartini\u00e8res &#8211;\u00a0 01120 Dagneux<br \/>\nRCS Bourg en Bresse 498 868 918<br \/>\nTVA FR71 498 868 918<\/p>\n<p class=\"strong-mentions-legales\"><strong>Pr\u00e9sident : M. Pierre-Antoine ROUER<\/strong><br \/>\n<strong>T\u00e9l\u00e9phone : 04 78 06 54 72<\/strong><br \/>\n<strong>Email : webmaster@f2a.fr<\/strong><\/p>\n<h3>LE PR\u00c9SENT SITE EST ADMINISTR\u00c9 ET G\u00c9R\u00c9 PAR :<\/h3>\n<p>Cr\u00e9ateur\/Webmaster\u00a0: KUBIWEB<\/p>\n<p>SAS au capital social de 21\u00a0320 \u20ac<\/p>\n<p>N\u00b0 de siret\u00a0: 530\u00a0189\u00a0646 00025<\/p>\n<p>Si\u00e8ge social\u00a0: 46-48 chamin de la Bruy\u00e8re \u2013 69570 DARDILLY<\/p>\n<p>Tel\u00a0: 09 63 25 11 39<\/p>\n<p>H\u00e9bergeur\u00a0: COGNIX SYSTEMS<\/p>\n<p>SARL au capital social de 40\u00a0000 \u20ac<\/p>\n<p>N\u00b0 de siret\u00a0: 444\u00a0724\u00a0462 00064<br \/>\nSi\u00e8ge social\u00a0: 50 rue Paul Langevin \u2013 35200 RENNES<\/p>\n<p>Tel\u00a0: 09 63 25 11 39<\/p>\n<h3>R\u00c8GLEMENT (UE) 2016\/679 DU PARLEMENT EUROP\u00c9EN ET DU CONSEIL DU 27 AVRIL 2018 :<\/h3>\n<p>Ce nouveau r\u00e8glement europ\u00e9en (aussi appel\u00e9 \u00ab RGPD \u00bb) invite les entreprises \u00e0 prot\u00e9ger les donn\u00e9es personnelles recueillies et utilis\u00e9es au quotidien. F2A s\u2019engage \u00e0 renforcer les droits des personnes et responsabiliser les acteurs traitant les donn\u00e9es, qu\u2019il s\u2019agisse de noms, adresses mail ou num\u00e9ros de t\u00e9l\u00e9phone de clients et fournisseurs. Notre mise en conformit\u00e9 s\u2019op\u00e8re via le droit pour le client de refuser toute d\u00e9marche d\u2019emailing ou toute conservation de donn\u00e9es, le retrait des donn\u00e9es impertinentes ou inutiles \u00e0 l\u2019activit\u00e9 de l\u2019entreprise de notre base de donn\u00e9es et le respect des normes juridiques.<\/p>\n<h3>LOI INFORMATIQUE ET LIBERT\u00c9 N\u00b07817 DU 6 JANVIER 1978 :<\/h3>\n<p>Toutes les informations contenues dans le site, soit concernant les clients et les revendeurs, soit recueillies sur les visiteurs lors d\u2019une demande d\u2019informations, sont accessibles pour rectification ou suppression en s\u2019adressant \u00e0 webmaster@f2a.fr. Il est pr\u00e9cis\u00e9 qu\u2019il n\u2019est proc\u00e9d\u00e9 \u00e0 aucune implantation de \u00ab cookies \u00bb dans l\u2019ordinateur des visiteurs, revendeurs ou clients sauf pour conserver vos informations dans les bons de commande afin de vous \u00e9viter une nouvelle saisie.<\/p>\n<h3>DROIT D\u2019AUTEUR &#8211; COPYRIGHT :<\/h3>\n<p>La conception, le graphisme, le texte, les conditions g\u00e9n\u00e9rales de vente, l\u2019organisation de ce site sont des \u0153uvres originales et sont l\u2019enti\u00e8re propri\u00e9t\u00e9 de F2A. Toute reproduction, ou d\u00e9marquage, total ou partiel, fait sans le consentement de l\u2019auteur, ou de ses ayants droit, ou de ses ayants cause est illicite. Il en est de m\u00eame pour la traduction, l\u2019adaptation, l\u2019arrangement par quelque proc\u00e9d\u00e9 que ce soit (Loi 57298 du 11 mars 1957). Tous les outils ou composants comportant l\u2019ent\u00eate F2A sont l\u2019enti\u00e8re propri\u00e9t\u00e9 de F2A et ne peuvent en aucun cas \u00eatre utilis\u00e9s hors de leur contexte, d\u00e9tourn\u00e9s, arrang\u00e9s ou modifi\u00e9s sous peine de poursuite.<\/p>\n<h3>D\u00c9CLARATION<\/h3>\n<p>Conform\u00e9ment \u00e0 la Loi 78-17 du 06\/01\/1978 relative \u00e0 l\u2019informatique, aux fichiers et aux libert\u00e9s, le pr\u00e9sent site a fait l\u2019objet d\u2019une d\u00e9claration \u00e0 la CNIL sous le num\u00e9ro 1326619.<\/p>\n<h3>R\u00c9CLAMATIONS, D\u00c9P\u00d4T DE PLAINTE<\/h3>\n<p>Conform\u00e9ment \u00e0 la loi du 21 juin 2004 pour la confiance dans l\u2019\u00e9conomie num\u00e9rique, vous pouvez adresser une r\u00e9clamation ou une plainte concernant la publication Internet d\u2019un de nos clients. Les plaintes doivent \u00eatre adress\u00e9es \u00e0 l\u2019adresse de notre si\u00e8ge social cit\u00e9e ci-dessus et \u00e0 l\u2019attention de M. ROUER Pierre Antoine qui fera suivre \u00e0 notre service juridique.<\/p>\n<h3>CR\u00c9DITS PHOTOS<\/h3>\n<p>Freepik.com \u2013 Unsplach.com \u2013 Fotlolia.com \u2013 Shutterstok.com &#8211; Istock.com[\/vc_column_text][\/vc_column][vc_column width=&#8221;1\/12&#8243;][\/vc_column][\/vc_row]<\/p>\n<\/div>","protected":false},"excerpt":{"rendered":"<p>[vc_row css=&#8221;.vc_custom_1533291264772{padding-top: 120px !important;padding-bottom: 30px !important;}&#8221;][vc_column width=&#8221;2\/12&#8243;][\/vc_column][vc_column width=&#8221;9\/12&#8243;][vc_custom_heading source=&#8221;post_title&#8221; use_theme_fonts=&#8221;yes&#8221;][vc_column_text] PROPRI\u00c9T\u00c9 F2A SAS au capital social de 2 415 607 \u20ac N\u00b0 de siret\u00a0: 498 868 918 00034 APE 2825 Z Si\u00e8ge social : 1214 rue des Chartini\u00e8res &#8211;\u00a0 01120 Dagneux RCS Bourg en Bresse 498 868 918 TVA FR71 498 868 918 Pr\u00e9sident : [&hellip;]<\/p>\n","protected":false},"author":1,"featured_media":17156,"parent":0,"menu_order":54,"comment_status":"closed","ping_status":"closed","template":"","meta":{"_acf_changed":false,"content-type":"","footnotes":""},"class_list":["post-2481","page","type-page","status-publish","has-post-thumbnail","hentry"],"acf":[],"_links":{"self":[{"href":"https:\/\/f2a.fr\/en\/wp-json\/wp\/v2\/pages\/2481","targetHints":{"allow":["GET"]}}],"collection":[{"href":"https:\/\/f2a.fr\/en\/wp-json\/wp\/v2\/pages"}],"about":[{"href":"https:\/\/f2a.fr\/en\/wp-json\/wp\/v2\/types\/page"}],"author":[{"embeddable":true,"href":"https:\/\/f2a.fr\/en\/wp-json\/wp\/v2\/users\/1"}],"replies":[{"embeddable":true,"href":"https:\/\/f2a.fr\/en\/wp-json\/wp\/v2\/comments?post=2481"}],"version-history":[{"count":2,"href":"https:\/\/f2a.fr\/en\/wp-json\/wp\/v2\/pages\/2481\/revisions"}],"predecessor-version":[{"id":5069,"href":"https:\/\/f2a.fr\/en\/wp-json\/wp\/v2\/pages\/2481\/revisions\/5069"}],"wp:featuredmedia":[{"embeddable":true,"href":"https:\/\/f2a.fr\/en\/wp-json\/wp\/v2\/media\/17156"}],"wp:attachment":[{"href":"https:\/\/f2a.fr\/en\/wp-json\/wp\/v2\/media?parent=2481"}],"curies":[{"name":"wp","href":"https:\/\/api.w.org\/{rel}","templated":true}]}}